{"id":28,"date":"2017-12-19T07:44:03","date_gmt":"2017-12-19T06:44:03","guid":{"rendered":"http:\/\/patrimoine-industriel-de-mayotte.fr\/wordpress\/?page_id=28"},"modified":"2019-12-01T07:47:01","modified_gmt":"2019-12-01T03:47:01","slug":"une-section-de-page-daccueil","status":"publish","type":"page","link":"https:\/\/patrimoine-industriel-de-mayotte.fr\/wordpress\/?page_id=28","title":{"rendered":"Premi\u00e8re visite ! Cr\u00e9er votre compte"},"content":{"rendered":"<p>Afin d&rsquo;acc\u00e9der au site cr\u00e9ez votre compte en suivant les instructions ci dessous<\/p>\n<div id=\"wpmem_reg\"><a id=\"register\"><\/a><form name=\"form\" method=\"post\" action=\"https:\/\/patrimoine-industriel-de-mayotte.fr\/wordpress\/?page_id=28\" id=\"wpmem_register_form\" class=\"form\"><input type=\"hidden\" id=\"_wpmem_register_nonce\" name=\"_wpmem_register_nonce\" value=\"e519224c63\" \/><input type=\"hidden\" name=\"_wp_http_referer\" value=\"\/wordpress\/index.php?rest_route=%2Fwp%2Fv2%2Fpages%2F28\" \/><fieldset><legend>Nouvel utilisateur\u00a0?<\/legend><label for=\"username\" class=\"text\">Choisissez un Nom d\u2019utilisateur<span class=\"req\">*<\/span><\/label><div class=\"div_text\"><input name=\"username\" type=\"text\" id=\"username\" value=\"\" class=\"textbox\" required  \/><\/div><label for=\"user_email\" class=\"text\">Courriel<span class=\"req\">*<\/span><\/label><div class=\"div_text\"><input name=\"user_email\" type=\"email\" id=\"user_email\" value=\"\" class=\"textbox\" required  \/><\/div><label class=\"text\" for=\"captcha\">Entrez le code\u00a0:<\/label><div class=\"div_text\"><img loading=\"lazy\" decoding=\"async\" src=\"https:\/\/patrimoine-industriel-de-mayotte.fr\/wordpress\/wp-content\/plugins\/really-simple-captcha\/tmp\/514725513.png\" alt=\"captcha\" width=\"72\" height=\"30\" \/><input id=\"captcha_prefix\" name=\"captcha_prefix\" type=\"hidden\" value=\"514725513\" \/><input id=\"captcha_code\" name=\"captcha_code\" size=\"4\" type=\"text\" class=\"textbox\" required \/><\/div><input name=\"a\" type=\"hidden\" value=\"register\" \/><input name=\"wpmem_reg_page\" type=\"hidden\" value=\"https:\/\/patrimoine-industriel-de-mayotte.fr\/wordpress\/?page_id=28\" \/><div class=\"button_div\"><input name=\"submit\" type=\"submit\" value=\"S\u2019inscrire\" class=\"buttons\" \/><\/div><div class=\"req-text\"><span class=\"req\">*<\/span>Champ requis<\/div><\/fieldset><\/form><\/div>\n","protected":false},"excerpt":{"rendered":"<p>Afin d&rsquo;acc\u00e9der au site cr\u00e9ez votre compte en suivant les instructions ci dessous<\/p>\n","protected":false},"author":1,"featured_media":0,"parent":0,"menu_order":0,"comment_status":"closed","ping_status":"closed","template":"","meta":{"_crdt_document":"","cybocfi_hide_featured_image":"","footnotes":""},"class_list":["post-28","page","type-page","status-publish","hentry"],"_links":{"self":[{"href":"https:\/\/patrimoine-industriel-de-mayotte.fr\/wordpress\/index.php?rest_route=\/wp\/v2\/pages\/28","targetHints":{"allow":["GET"]}}],"collection":[{"href":"https:\/\/patrimoine-industriel-de-mayotte.fr\/wordpress\/index.php?rest_route=\/wp\/v2\/pages"}],"about":[{"href":"https:\/\/patrimoine-industriel-de-mayotte.fr\/wordpress\/index.php?rest_route=\/wp\/v2\/types\/page"}],"author":[{"embeddable":true,"href":"https:\/\/patrimoine-industriel-de-mayotte.fr\/wordpress\/index.php?rest_route=\/wp\/v2\/users\/1"}],"replies":[{"embeddable":true,"href":"https:\/\/patrimoine-industriel-de-mayotte.fr\/wordpress\/index.php?rest_route=%2Fwp%2Fv2%2Fcomments&post=28"}],"version-history":[{"count":15,"href":"https:\/\/patrimoine-industriel-de-mayotte.fr\/wordpress\/index.php?rest_route=\/wp\/v2\/pages\/28\/revisions"}],"predecessor-version":[{"id":983,"href":"https:\/\/patrimoine-industriel-de-mayotte.fr\/wordpress\/index.php?rest_route=\/wp\/v2\/pages\/28\/revisions\/983"}],"wp:attachment":[{"href":"https:\/\/patrimoine-industriel-de-mayotte.fr\/wordpress\/index.php?rest_route=%2Fwp%2Fv2%2Fmedia&parent=28"}],"curies":[{"name":"wp","href":"https:\/\/api.w.org\/{rel}","templated":true}]}}