{"id":3949,"date":"2022-11-26T08:43:25","date_gmt":"2022-11-26T04:43:25","guid":{"rendered":"https:\/\/patrimoine-industriel-de-mayotte.fr\/wordpress\/conditions-generales\/"},"modified":"2022-11-26T08:43:27","modified_gmt":"2022-11-26T04:43:27","slug":"conditions-generales","status":"publish","type":"page","link":"https:\/\/patrimoine-industriel-de-mayotte.fr\/wordpress\/?page_id=3949","title":{"rendered":"Conditions g\u00e9n\u00e9rales"},"content":{"rendered":"Vous devez \u00eatre connect\u00e9 pour voir ce contenu.","protected":false},"excerpt":{"rendered":"Vous devez \u00eatre connect\u00e9 pour voir ce contenu.","protected":false},"author":1,"featured_media":0,"parent":0,"menu_order":0,"comment_status":"closed","ping_status":"closed","template":"","meta":{"_crdt_document":"","cybocfi_hide_featured_image":"","footnotes":""},"class_list":["post-3949","page","type-page","status-publish","hentry"],"_links":{"self":[{"href":"https:\/\/patrimoine-industriel-de-mayotte.fr\/wordpress\/index.php?rest_route=\/wp\/v2\/pages\/3949","targetHints":{"allow":["GET"]}}],"collection":[{"href":"https:\/\/patrimoine-industriel-de-mayotte.fr\/wordpress\/index.php?rest_route=\/wp\/v2\/pages"}],"about":[{"href":"https:\/\/patrimoine-industriel-de-mayotte.fr\/wordpress\/index.php?rest_route=\/wp\/v2\/types\/page"}],"author":[{"embeddable":true,"href":"https:\/\/patrimoine-industriel-de-mayotte.fr\/wordpress\/index.php?rest_route=\/wp\/v2\/users\/1"}],"replies":[{"embeddable":true,"href":"https:\/\/patrimoine-industriel-de-mayotte.fr\/wordpress\/index.php?rest_route=%2Fwp%2Fv2%2Fcomments&post=3949"}],"version-history":[{"count":1,"href":"https:\/\/patrimoine-industriel-de-mayotte.fr\/wordpress\/index.php?rest_route=\/wp\/v2\/pages\/3949\/revisions"}],"predecessor-version":[{"id":3951,"href":"https:\/\/patrimoine-industriel-de-mayotte.fr\/wordpress\/index.php?rest_route=\/wp\/v2\/pages\/3949\/revisions\/3951"}],"wp:attachment":[{"href":"https:\/\/patrimoine-industriel-de-mayotte.fr\/wordpress\/index.php?rest_route=%2Fwp%2Fv2%2Fmedia&parent=3949"}],"curies":[{"name":"wp","href":"https:\/\/api.w.org\/{rel}","templated":true}]}}