{"id":3953,"date":"2022-11-26T08:51:54","date_gmt":"2022-11-26T04:51:54","guid":{"rendered":"https:\/\/patrimoine-industriel-de-mayotte.fr\/wordpress\/politique-de-cookies-ue\/"},"modified":"2023-04-17T10:02:36","modified_gmt":"2023-04-17T06:02:36","slug":"politique-de-cookies-ue","status":"publish","type":"page","link":"https:\/\/patrimoine-industriel-de-mayotte.fr\/wordpress\/?page_id=3953","title":{"rendered":"Politique de cookies (UE)"},"content":{"rendered":"Vous devez \u00eatre connect\u00e9 pour voir ce contenu.","protected":false},"excerpt":{"rendered":"Vous devez \u00eatre connect\u00e9 pour voir ce contenu.","protected":false},"author":1,"featured_media":0,"parent":0,"menu_order":0,"comment_status":"closed","ping_status":"closed","template":"","meta":{"_crdt_document":"","cybocfi_hide_featured_image":"","footnotes":""},"class_list":["post-3953","page","type-page","status-publish","hentry"],"_links":{"self":[{"href":"https:\/\/patrimoine-industriel-de-mayotte.fr\/wordpress\/index.php?rest_route=\/wp\/v2\/pages\/3953","targetHints":{"allow":["GET"]}}],"collection":[{"href":"https:\/\/patrimoine-industriel-de-mayotte.fr\/wordpress\/index.php?rest_route=\/wp\/v2\/pages"}],"about":[{"href":"https:\/\/patrimoine-industriel-de-mayotte.fr\/wordpress\/index.php?rest_route=\/wp\/v2\/types\/page"}],"author":[{"embeddable":true,"href":"https:\/\/patrimoine-industriel-de-mayotte.fr\/wordpress\/index.php?rest_route=\/wp\/v2\/users\/1"}],"replies":[{"embeddable":true,"href":"https:\/\/patrimoine-industriel-de-mayotte.fr\/wordpress\/index.php?rest_route=%2Fwp%2Fv2%2Fcomments&post=3953"}],"version-history":[{"count":1,"href":"https:\/\/patrimoine-industriel-de-mayotte.fr\/wordpress\/index.php?rest_route=\/wp\/v2\/pages\/3953\/revisions"}],"predecessor-version":[{"id":3955,"href":"https:\/\/patrimoine-industriel-de-mayotte.fr\/wordpress\/index.php?rest_route=\/wp\/v2\/pages\/3953\/revisions\/3955"}],"wp:attachment":[{"href":"https:\/\/patrimoine-industriel-de-mayotte.fr\/wordpress\/index.php?rest_route=%2Fwp%2Fv2%2Fmedia&parent=3953"}],"curies":[{"name":"wp","href":"https:\/\/api.w.org\/{rel}","templated":true}]}}