{"id":4096,"date":"2023-04-18T12:29:28","date_gmt":"2023-04-18T08:29:28","guid":{"rendered":"https:\/\/patrimoine-industriel-de-mayotte.fr\/wordpress\/?page_id=4096"},"modified":"2025-08-30T09:43:55","modified_gmt":"2025-08-30T05:43:55","slug":"nos-derniers-post","status":"publish","type":"page","link":"https:\/\/patrimoine-industriel-de-mayotte.fr\/wordpress\/","title":{"rendered":"Nos derniers post"},"content":{"rendered":"Vous devez \u00eatre connect\u00e9 pour voir ce contenu.","protected":false},"excerpt":{"rendered":"Vous devez \u00eatre connect\u00e9 pour voir ce contenu.","protected":false},"author":1,"featured_media":0,"parent":0,"menu_order":0,"comment_status":"closed","ping_status":"closed","template":"","meta":{"_crdt_document":"","cybocfi_hide_featured_image":"","footnotes":""},"class_list":["post-4096","page","type-page","status-publish","hentry"],"_links":{"self":[{"href":"https:\/\/patrimoine-industriel-de-mayotte.fr\/wordpress\/index.php?rest_route=\/wp\/v2\/pages\/4096","targetHints":{"allow":["GET"]}}],"collection":[{"href":"https:\/\/patrimoine-industriel-de-mayotte.fr\/wordpress\/index.php?rest_route=\/wp\/v2\/pages"}],"about":[{"href":"https:\/\/patrimoine-industriel-de-mayotte.fr\/wordpress\/index.php?rest_route=\/wp\/v2\/types\/page"}],"author":[{"embeddable":true,"href":"https:\/\/patrimoine-industriel-de-mayotte.fr\/wordpress\/index.php?rest_route=\/wp\/v2\/users\/1"}],"replies":[{"embeddable":true,"href":"https:\/\/patrimoine-industriel-de-mayotte.fr\/wordpress\/index.php?rest_route=%2Fwp%2Fv2%2Fcomments&post=4096"}],"version-history":[{"count":15,"href":"https:\/\/patrimoine-industriel-de-mayotte.fr\/wordpress\/index.php?rest_route=\/wp\/v2\/pages\/4096\/revisions"}],"predecessor-version":[{"id":5669,"href":"https:\/\/patrimoine-industriel-de-mayotte.fr\/wordpress\/index.php?rest_route=\/wp\/v2\/pages\/4096\/revisions\/5669"}],"wp:attachment":[{"href":"https:\/\/patrimoine-industriel-de-mayotte.fr\/wordpress\/index.php?rest_route=%2Fwp%2Fv2%2Fmedia&parent=4096"}],"curies":[{"name":"wp","href":"https:\/\/api.w.org\/{rel}","templated":true}]}}