{"id":4196,"date":"2023-07-31T08:18:17","date_gmt":"2023-07-31T04:18:17","guid":{"rendered":"https:\/\/patrimoine-industriel-de-mayotte.fr\/wordpress\/?page_id=4196"},"modified":"2024-04-07T18:15:25","modified_gmt":"2024-04-07T14:15:25","slug":"cukture-generale-nos-derniers-post","status":"publish","type":"page","link":"https:\/\/patrimoine-industriel-de-mayotte.fr\/wordpress\/?page_id=4196","title":{"rendered":"Culture g\u00e9n\u00e9rale : nos derniers post"},"content":{"rendered":"Vous devez \u00eatre connect\u00e9 pour voir ce contenu.","protected":false},"excerpt":{"rendered":"Vous devez \u00eatre connect\u00e9 pour voir ce contenu.","protected":false},"author":1,"featured_media":0,"parent":0,"menu_order":0,"comment_status":"closed","ping_status":"closed","template":"","meta":{"_crdt_document":"","cybocfi_hide_featured_image":"","footnotes":""},"class_list":["post-4196","page","type-page","status-publish","hentry"],"_links":{"self":[{"href":"https:\/\/patrimoine-industriel-de-mayotte.fr\/wordpress\/index.php?rest_route=\/wp\/v2\/pages\/4196","targetHints":{"allow":["GET"]}}],"collection":[{"href":"https:\/\/patrimoine-industriel-de-mayotte.fr\/wordpress\/index.php?rest_route=\/wp\/v2\/pages"}],"about":[{"href":"https:\/\/patrimoine-industriel-de-mayotte.fr\/wordpress\/index.php?rest_route=\/wp\/v2\/types\/page"}],"author":[{"embeddable":true,"href":"https:\/\/patrimoine-industriel-de-mayotte.fr\/wordpress\/index.php?rest_route=\/wp\/v2\/users\/1"}],"replies":[{"embeddable":true,"href":"https:\/\/patrimoine-industriel-de-mayotte.fr\/wordpress\/index.php?rest_route=%2Fwp%2Fv2%2Fcomments&post=4196"}],"version-history":[{"count":3,"href":"https:\/\/patrimoine-industriel-de-mayotte.fr\/wordpress\/index.php?rest_route=\/wp\/v2\/pages\/4196\/revisions"}],"predecessor-version":[{"id":4744,"href":"https:\/\/patrimoine-industriel-de-mayotte.fr\/wordpress\/index.php?rest_route=\/wp\/v2\/pages\/4196\/revisions\/4744"}],"wp:attachment":[{"href":"https:\/\/patrimoine-industriel-de-mayotte.fr\/wordpress\/index.php?rest_route=%2Fwp%2Fv2%2Fmedia&parent=4196"}],"curies":[{"name":"wp","href":"https:\/\/api.w.org\/{rel}","templated":true}]}}